{"id":2403,"date":"2025-07-10T08:18:14","date_gmt":"2025-07-10T08:18:14","guid":{"rendered":"https:\/\/lecrindelacite.com\/?page_id=2403"},"modified":"2025-07-10T08:44:00","modified_gmt":"2025-07-10T08:44:00","slug":"cgv","status":"publish","type":"page","link":"https:\/\/lecrindelacite.com\/en\/cgv\/","title":{"rendered":"General terms and conditions of sale"},"content":{"rendered":"<h2 class=\"wp-block-heading\">1. General provisions<\/h2>\n\n\n\n<p>The lease agreement is established between the tenant and <strong>C\u00e9dric Migrenne<\/strong>, sole proprietor, SIREN no. 529.537.359, Professional Furnished Rental Provider, and owner of the villas, whose main office is located at 13 chemin des Anglais, Carcassonne, France.<\/p>\n\n\n\n<hr class=\"wp-block-separator has-alpha-channel-opacity\"\/>\n\n\n\n<h2 class=\"wp-block-heading\">2. Occupancy of the premises<\/h2>\n\n\n\n<p>The tenant shall peacefully enjoy the rented villa and make good use of it, in accordance with its intended purpose. <strong>Parties and gatherings are strictly prohibited without prior written permission from the owner.<\/strong>.<\/p>\n\n\n\n<p>The tenant agrees to return the villa in the same condition as when they arrived. End-of-stay cleaning is included, in accordance with normal usage. In case of improper use or damage, <strong>The tenant will be charged for any necessary repairs.<\/strong>.<\/p>\n\n\n\n<p>The tenant shall under no circumstances be entitled to a right to remain on the premises after the agreed rental period has ended.<\/p>\n\n\n\n<hr class=\"wp-block-separator has-alpha-channel-opacity\"\/>\n\n\n\n<h2 class=\"wp-block-heading\">3. Booking \u2013 Payment Terms<\/h2>\n\n\n\n<p>The reservation becomes effective upon acceptance of these conditions by the tenant and payment of the fee according to the chosen rate.<\/p>\n\n\n\n<hr class=\"wp-block-separator has-alpha-channel-opacity\"\/>\n\n\n\n<h2 class=\"wp-block-heading\">4. Caution<\/h2>\n\n\n\n<p>The tenant&#039;s bank details are kept by the company until the departure date. <strong>STRIPE<\/strong>, responsible for securing payments.<\/p>\n\n\n\n<p>The villas are considered immaculate; you agree to report any damage, impact or defect within 24 hours of your arrival.<\/p>\n\n\n\n<p>In the event of non-compliance with the conditions or damage caused, the corresponding amount will be charged to the bank card. An additional charge may be requested if the costs exceed the deposit.<\/p>\n\n\n\n<hr class=\"wp-block-separator has-alpha-channel-opacity\"\/>\n\n\n\n<h2 class=\"wp-block-heading\">5. Insurance<\/h2>\n\n\n\n<p>The tenant is responsible for all damage caused by themselves or their companions. They must be covered by insurance. <strong>holiday insurance<\/strong> covering these risks and providing proof before the start of the stay.<\/p>\n\n\n\n<hr class=\"wp-block-separator has-alpha-channel-opacity\"\/>\n\n\n\n<h2 class=\"wp-block-heading\">6. Number of occupants<\/h2>\n\n\n\n<p>The number of occupants must not exceed the maximum authorized capacity under any circumstances. Failure to comply will result in <strong>the immediate exclusion of the tenant without right to a refund<\/strong>.<\/p>\n\n\n\n<p>The rental property cannot be used by undeclared third parties.<\/p>\n\n\n\n<hr class=\"wp-block-separator has-alpha-channel-opacity\"\/>\n\n\n\n<h2 class=\"wp-block-heading\">7. Animals<\/h2>\n\n\n\n<p>Animals are only allowed with prior written permission from the owner and subject to the following rules:<\/p>\n\n\n\n<ul class=\"wp-block-list\">\n<li>Animals should not be left alone in the villa unless you are certain they will not cause damage or disturb the neighbors.,<\/li>\n\n\n\n<li>The tenant is responsible for any costs related to damage caused by their pet.,<\/li>\n\n\n\n<li>For hygiene reasons, animals must not be allowed on beds, sofas or furniture.,<\/li>\n\n\n\n<li><strong>Animals are strictly prohibited in the swimming areas.<\/strong>.<\/li>\n<\/ul>\n\n\n\n<hr class=\"wp-block-separator has-alpha-channel-opacity\"\/>\n\n\n\n<h2 class=\"wp-block-heading\">8. Swimming pool, spa and outdoor areas<\/h2>\n\n\n\n<p>Regular maintenance of the pool and spa is provided by the owner. In case of malfunction, the tenant must immediately inform the owner or their representative.<\/p>\n\n\n\n<p>The tenant is responsible for ensuring compliance with safety rules, particularly those concerning children. In the event of danger or an incident, the owner may close the swimming area without the tenant being entitled to any compensation.<\/p>\n\n\n\n<p>In the event of an order from the authorities prohibiting the use of the swimming pool or spa, access will be impossible without any possibility of compensation.<\/p>\n\n\n\n<p>The tenant is responsible for the outdoor areas and play equipment. Part of the land may be left uncultivated to preserve biodiversity. The property is fenced, but gaps may exist; the owner is not liable in the event of animals escaping.<\/p>\n\n\n\n<hr class=\"wp-block-separator has-alpha-channel-opacity\"\/>\n\n\n\n<h2 class=\"wp-block-heading\">9. Interruption and cancellation of stay<\/h2>\n\n\n\n<p>In case of early departure, no refund will be given.<\/p>\n\n\n\n<p>Cancellation by the tenant: the specific conditions of the chosen rate apply.<\/p>\n\n\n\n<p>Cancellation by the owner: the owner will fully refund the sums paid within 15 days.<\/p>\n\n\n\n<hr class=\"wp-block-separator has-alpha-channel-opacity\"\/>\n\n\n\n<h2 class=\"wp-block-heading\">10. Disputes<\/h2>\n\n\n\n<p>In the event of a dispute, without an amicable agreement, the Carcassonne judicial court will have jurisdiction.<\/p>\n\n\n\n<hr class=\"wp-block-separator has-alpha-channel-opacity\"\/>\n\n\n\n<p>By booking through our website or any other platform, the tenant agrees to abide by these conditions. <strong>No claims will be considered in case of non-compliance<\/strong>.<\/p>\n\n\n\n<p><\/p>","protected":false},"excerpt":{"rendered":"<p>1. Dispositions g\u00e9n\u00e9rales Le contrat de location est \u00e9tabli entre le locataire et C\u00e9dric Migrenne, entrepreneur individuel, SIREN n\u00b0 529.537.359, Loueur de Meubl\u00e9 Professionnel, et propri\u00e9taire des villas, dont le si\u00e8ge principal est situ\u00e9 au 13 chemin des Anglais, Carcassonne, France. 2. Occupation des lieux Le locataire jouira paisiblement de la villa lou\u00e9e et en [&hellip;]<\/p>\n","protected":false},"author":1,"featured_media":0,"parent":0,"menu_order":0,"comment_status":"closed","ping_status":"closed","template":"","meta":{"_acf_changed":false,"_seopress_robots_primary_cat":"","_seopress_titles_title":"","_seopress_titles_desc":"","_seopress_robots_index":"","_seopress_analysis_target_kw":"","footnotes":""},"class_list":["post-2403","page","type-page","status-publish","hentry"],"acf":[],"_links":{"self":[{"href":"https:\/\/lecrindelacite.com\/en\/wp-json\/wp\/v2\/pages\/2403","targetHints":{"allow":["GET"]}}],"collection":[{"href":"https:\/\/lecrindelacite.com\/en\/wp-json\/wp\/v2\/pages"}],"about":[{"href":"https:\/\/lecrindelacite.com\/en\/wp-json\/wp\/v2\/types\/page"}],"author":[{"embeddable":true,"href":"https:\/\/lecrindelacite.com\/en\/wp-json\/wp\/v2\/users\/1"}],"replies":[{"embeddable":true,"href":"https:\/\/lecrindelacite.com\/en\/wp-json\/wp\/v2\/comments?post=2403"}],"version-history":[{"count":0,"href":"https:\/\/lecrindelacite.com\/en\/wp-json\/wp\/v2\/pages\/2403\/revisions"}],"wp:attachment":[{"href":"https:\/\/lecrindelacite.com\/en\/wp-json\/wp\/v2\/media?parent=2403"}],"curies":[{"name":"wp","href":"https:\/\/api.w.org\/{rel}","templated":true}]}}